{"id":1147,"date":"2023-09-19T10:46:32","date_gmt":"2023-09-19T08:46:32","guid":{"rendered":"https:\/\/tomasic.de\/?page_id=1147"},"modified":"2026-01-12T09:39:53","modified_gmt":"2026-01-12T08:39:53","slug":"monteur","status":"publish","type":"page","link":"https:\/\/tomasic.de\/en\/monteur\/","title":{"rendered":"monteur"},"content":{"rendered":"<div data-elementor-type=\"wp-page\" data-elementor-id=\"1147\" class=\"elementor elementor-1147\" data-elementor-post-type=\"page\">\n\t\t\t\t\t\t<section class=\"elementor-section elementor-top-section elementor-element elementor-element-7f4112d4 elementor-section-boxed elementor-section-height-default elementor-section-height-default\" data-id=\"7f4112d4\" data-element_type=\"section\" data-e-type=\"section\" data-settings=\"{&quot;background_background&quot;:&quot;classic&quot;}\">\n\t\t\t\t\t\t\t<div class=\"elementor-background-overlay\"><\/div>\n\t\t\t\t\t\t\t<div class=\"elementor-container elementor-column-gap-default\">\n\t\t\t\t\t<div class=\"elementor-column elementor-col-100 elementor-top-column elementor-element elementor-element-5bf05036\" data-id=\"5bf05036\" data-element_type=\"column\" data-e-type=\"column\">\n\t\t\t<div class=\"elementor-widget-wrap elementor-element-populated\">\n\t\t\t\t\t\t<div class=\"elementor-element elementor-element-c8a2e29 elementor-widget elementor-widget-image\" data-id=\"c8a2e29\" data-element_type=\"widget\" data-e-type=\"widget\" data-widget_type=\"image.default\">\n\t\t\t\t<div class=\"elementor-widget-container\">\n\t\t\t\t\t\t\t\t\t\t\t\t\t\t\t<img fetchpriority=\"high\" decoding=\"async\" width=\"431\" height=\"1024\" src=\"https:\/\/tomasic.de\/wp-content\/uploads\/2022\/03\/balke--431x1024.png\" class=\"attachment-large size-large wp-image-189\" alt=\"\" srcset=\"https:\/\/tomasic.de\/wp-content\/uploads\/2022\/03\/balke--431x1024.png 431w, https:\/\/tomasic.de\/wp-content\/uploads\/2022\/03\/balke--126x300.png 126w, https:\/\/tomasic.de\/wp-content\/uploads\/2022\/03\/balke-.png 466w\" sizes=\"(max-width: 431px) 100vw, 431px\" \/>\t\t\t\t\t\t\t\t\t\t\t\t\t\t\t<\/div>\n\t\t\t\t<\/div>\n\t\t\t\t<div class=\"elementor-element elementor-element-151dfcc9 elementor-widget elementor-widget-heading\" data-id=\"151dfcc9\" data-element_type=\"widget\" data-e-type=\"widget\" data-widget_type=\"heading.default\">\n\t\t\t\t<div class=\"elementor-widget-container\">\n\t\t\t\t\t<h1 class=\"elementor-heading-title elementor-size-default\">STELLENANGEBOT<\/h1>\t\t\t\t<\/div>\n\t\t\t\t<\/div>\n\t\t\t\t<div class=\"elementor-element elementor-element-c4a2d1c elementor-widget elementor-widget-heading\" data-id=\"c4a2d1c\" data-element_type=\"widget\" data-e-type=\"widget\" data-widget_type=\"heading.default\">\n\t\t\t\t<div class=\"elementor-widget-container\">\n\t\t\t\t\t<h6 class=\"elementor-heading-title elementor-size-default\"><a href=\"https:\/\/tomasic.de\/en\/karriere-2\/\">ZUR\u00dcCK ZUR \u00dcBERSICHT \u2192<\/a><\/h6>\t\t\t\t<\/div>\n\t\t\t\t<\/div>\n\t\t\t\t\t<\/div>\n\t\t<\/div>\n\t\t\t\t\t<\/div>\n\t\t<\/section>\n\t\t\t\t<section class=\"elementor-section elementor-top-section elementor-element elementor-element-581913f elementor-section-boxed elementor-section-height-default elementor-section-height-default\" data-id=\"581913f\" data-element_type=\"section\" data-e-type=\"section\" data-settings=\"{&quot;background_background&quot;:&quot;classic&quot;}\">\n\t\t\t\t\t\t\t<div class=\"elementor-background-overlay\"><\/div>\n\t\t\t\t\t\t\t<div class=\"elementor-container elementor-column-gap-default\">\n\t\t\t\t\t<div class=\"elementor-column elementor-col-100 elementor-top-column elementor-element elementor-element-2d87c22\" data-id=\"2d87c22\" data-element_type=\"column\" data-e-type=\"column\" data-settings=\"{&quot;background_background&quot;:&quot;classic&quot;}\">\n\t\t\t<div class=\"elementor-widget-wrap elementor-element-populated\">\n\t\t\t\t\t\t<div class=\"elementor-element elementor-element-723c41f elementor-widget elementor-widget-image\" data-id=\"723c41f\" data-element_type=\"widget\" data-e-type=\"widget\" data-widget_type=\"image.default\">\n\t\t\t\t<div class=\"elementor-widget-container\">\n\t\t\t\t\t\t\t\t\t\t\t\t\t\t\t<img fetchpriority=\"high\" decoding=\"async\" width=\"431\" height=\"1024\" src=\"https:\/\/tomasic.de\/wp-content\/uploads\/2022\/03\/balke--431x1024.png\" class=\"attachment-large size-large wp-image-189\" alt=\"\" srcset=\"https:\/\/tomasic.de\/wp-content\/uploads\/2022\/03\/balke--431x1024.png 431w, https:\/\/tomasic.de\/wp-content\/uploads\/2022\/03\/balke--126x300.png 126w, https:\/\/tomasic.de\/wp-content\/uploads\/2022\/03\/balke-.png 466w\" sizes=\"(max-width: 431px) 100vw, 431px\" \/>\t\t\t\t\t\t\t\t\t\t\t\t\t\t\t<\/div>\n\t\t\t\t<\/div>\n\t\t\t\t<div class=\"elementor-element elementor-element-6b8ef6b elementor-widget elementor-widget-heading\" data-id=\"6b8ef6b\" data-element_type=\"widget\" data-e-type=\"widget\" data-widget_type=\"heading.default\">\n\t\t\t\t<div class=\"elementor-widget-container\">\n\t\t\t\t\t<h6 class=\"elementor-heading-title elementor-size-default\">Stellenangebot<\/h6>\t\t\t\t<\/div>\n\t\t\t\t<\/div>\n\t\t\t\t<div class=\"elementor-element elementor-element-039991b elementor-widget elementor-widget-heading\" data-id=\"039991b\" data-element_type=\"widget\" data-e-type=\"widget\" data-widget_type=\"heading.default\">\n\t\t\t\t<div class=\"elementor-widget-container\">\n\t\t\t\t\t<h2 class=\"elementor-heading-title elementor-size-default\">Monteur Sondermaschinenbau (m\/w\/d)<\/h2>\t\t\t\t<\/div>\n\t\t\t\t<\/div>\n\t\t\t\t<div class=\"elementor-element elementor-element-4ea0386 elementor-widget elementor-widget-heading\" data-id=\"4ea0386\" data-element_type=\"widget\" data-e-type=\"widget\" data-widget_type=\"heading.default\">\n\t\t\t\t<div class=\"elementor-widget-container\">\n\t\t\t\t\t<h6 class=\"elementor-heading-title elementor-size-default\">These are your tasks:<\/h6>\t\t\t\t<\/div>\n\t\t\t\t<\/div>\n\t\t\t\t<div class=\"elementor-element elementor-element-41d08ce elementor-widget elementor-widget-text-editor\" data-id=\"41d08ce\" data-element_type=\"widget\" data-e-type=\"widget\" data-widget_type=\"text-editor.default\">\n\t\t\t\t<div class=\"elementor-widget-container\">\n\t\t\t\t\t\t\t\t\t<ul class=\"ul1\"><li class=\"li1\">Vor-und Endmontage von Baugruppen, Maschinen und Anlagen in unserem Werk<\/li><li class=\"li1\">Begleitung der Inbetriebnahme<\/li><li class=\"li1\">Installation der Maschinen und Anlagen beim Kunden<\/li><\/ul>\t\t\t\t\t\t\t\t<\/div>\n\t\t\t\t<\/div>\n\t\t\t\t<div class=\"elementor-element elementor-element-d325488 elementor-widget elementor-widget-heading\" data-id=\"d325488\" data-element_type=\"widget\" data-e-type=\"widget\" data-widget_type=\"heading.default\">\n\t\t\t\t<div class=\"elementor-widget-container\">\n\t\t\t\t\t<h6 class=\"elementor-heading-title elementor-size-default\">Ihr Profil:<\/h6>\t\t\t\t<\/div>\n\t\t\t\t<\/div>\n\t\t\t\t<div class=\"elementor-element elementor-element-cd6fa9f elementor-widget elementor-widget-text-editor\" data-id=\"cd6fa9f\" data-element_type=\"widget\" data-e-type=\"widget\" data-widget_type=\"text-editor.default\">\n\t\t\t\t<div class=\"elementor-widget-container\">\n\t\t\t\t\t\t\t\t\t<ul class=\"ul1\"><li class=\"li1\">Ausbildung zum Mechatroniker, Industriemechaniker oder eine \u00e4hnliche technische Ausbildung<\/li><li class=\"li1\">Auch als Quereinsteiger sind Sie willkommen und k\u00f6nnen durch handwerkliches Geschick und Erfahrung \u00fcberzeugen<\/li><li class=\"li1\">Freude an der Arbeit im Team<\/li><li class=\"li1\">Erfahrung in der Montage von Maschinen und Anlagen oder optimalerweise Sondermaschinen<\/li><li class=\"li1\">Regelm\u00e4\u00dfige Kundeneins\u00e4tze sind f\u00fcr Sie umsetzbar<\/li><\/ul>\t\t\t\t\t\t\t\t<\/div>\n\t\t\t\t<\/div>\n\t\t\t\t<div class=\"elementor-element elementor-element-2224d25 elementor-widget elementor-widget-heading\" data-id=\"2224d25\" data-element_type=\"widget\" data-e-type=\"widget\" data-widget_type=\"heading.default\">\n\t\t\t\t<div class=\"elementor-widget-container\">\n\t\t\t\t\t<h6 class=\"elementor-heading-title elementor-size-default\">Unser Angebot:<\/h6>\t\t\t\t<\/div>\n\t\t\t\t<\/div>\n\t\t\t\t<div class=\"elementor-element elementor-element-734dde2 elementor-widget elementor-widget-text-editor\" data-id=\"734dde2\" data-element_type=\"widget\" data-e-type=\"widget\" data-widget_type=\"text-editor.default\">\n\t\t\t\t<div class=\"elementor-widget-container\">\n\t\t\t\t\t\t\t\t\t<ul class=\"ul1\"><li class=\"li1\">Zukunftsorientiertes Familienunternehmen<\/li><li class=\"li1\">Flache Hierarchie und eigenst\u00e4ndiges Arbeiten<\/li><li class=\"li1\">Flexible Arbeitszeiten<\/li><li class=\"li1\">Leistungsgerechte Verg\u00fctung<\/li><li class=\"li1\">Betriebliche Zusatzleistungen<\/li><li class=\"li1\">Berufliche Perspektiven und abwechslungsreiche Projekte<\/li><li class=\"li1\">Kollegiale und teamorientierte Atmosph\u00e4re in einem Team aus jungen und erfahrenen Mitarbeitern<\/li><\/ul>\t\t\t\t\t\t\t\t<\/div>\n\t\t\t\t<\/div>\n\t\t\t\t<div class=\"elementor-element elementor-element-82dfcd0 elementor-widget elementor-widget-text-editor\" data-id=\"82dfcd0\" data-element_type=\"widget\" data-e-type=\"widget\" data-widget_type=\"text-editor.default\">\n\t\t\t\t<div class=\"elementor-widget-container\">\n\t\t\t\t\t\t\t\t\t<p class=\"p2\">\u00a0<\/p><p class=\"p1\">Wir freuen uns auf Ihre Bewerbung!<br \/>Bitten senden Sie uns ihre Bewerbung mit Gehaltsvorstellungen an <a href=\"mailto:jobs@tomasic.de\"><span class=\"s1\">jobs@tomasic.de<\/span><\/a>.<\/p><p class=\"p1\">Ihr Ansprechpartner:<br \/>Herr Dietmar Sober<br \/>Tomasic Engineering GmbH<br \/>Am Bahndamm 23<br \/>89168 Niederstotzingen<br \/>Deutschland<\/p><p class=\"p1\">Tel: +49 7325 967966 &#8211; 0<\/p>\t\t\t\t\t\t\t\t<\/div>\n\t\t\t\t<\/div>\n\t\t\t\t\t<\/div>\n\t\t<\/div>\n\t\t\t\t\t<\/div>\n\t\t<\/section>\n\t\t\t\t<\/div>","protected":false},"excerpt":{"rendered":"<p>STELLENANGEBOT ZUR\u00dcCK ZUR \u00dcBERSICHT \u2192 Stellenangebot Monteur Sondermaschinenbau (m\/w\/d) DAs sind ihre aufgaben: Vor-und Endmontage von Baugruppen, Maschinen und Anlagen in unserem Werk Begleitung der Inbetriebnahme Installation der Maschinen und Anlagen beim Kunden Ihr Profil: Ausbildung zum Mechatroniker, Industriemechaniker oder eine \u00e4hnliche technische Ausbildung Auch als Quereinsteiger sind Sie willkommen und k\u00f6nnen durch handwerkliches Geschick [&hellip;]<\/p>\n","protected":false},"author":1,"featured_media":0,"parent":0,"menu_order":0,"comment_status":"closed","ping_status":"closed","template":"elementor_header_footer","meta":{"footnotes":""},"class_list":["post-1147","page","type-page","status-publish","hentry"],"_links":{"self":[{"href":"https:\/\/tomasic.de\/en\/wp-json\/wp\/v2\/pages\/1147","targetHints":{"allow":["GET"]}}],"collection":[{"href":"https:\/\/tomasic.de\/en\/wp-json\/wp\/v2\/pages"}],"about":[{"href":"https:\/\/tomasic.de\/en\/wp-json\/wp\/v2\/types\/page"}],"author":[{"embeddable":true,"href":"https:\/\/tomasic.de\/en\/wp-json\/wp\/v2\/users\/1"}],"replies":[{"embeddable":true,"href":"https:\/\/tomasic.de\/en\/wp-json\/wp\/v2\/comments?post=1147"}],"version-history":[{"count":16,"href":"https:\/\/tomasic.de\/en\/wp-json\/wp\/v2\/pages\/1147\/revisions"}],"predecessor-version":[{"id":1658,"href":"https:\/\/tomasic.de\/en\/wp-json\/wp\/v2\/pages\/1147\/revisions\/1658"}],"wp:attachment":[{"href":"https:\/\/tomasic.de\/en\/wp-json\/wp\/v2\/media?parent=1147"}],"curies":[{"name":"wp","href":"https:\/\/api.w.org\/{rel}","templated":true}]}}