{"id":1222,"date":"2024-02-21T18:03:56","date_gmt":"2024-02-21T17:03:56","guid":{"rendered":"https:\/\/tomasic.de\/?page_id=1222"},"modified":"2026-01-12T09:41:10","modified_gmt":"2026-01-12T08:41:10","slug":"vertrieb","status":"publish","type":"page","link":"https:\/\/tomasic.de\/en\/vertrieb\/","title":{"rendered":"Vertrieb"},"content":{"rendered":"<div data-elementor-type=\"wp-page\" data-elementor-id=\"1222\" class=\"elementor elementor-1222\" data-elementor-post-type=\"page\">\n\t\t\t\t\t\t<section class=\"elementor-section elementor-top-section elementor-element elementor-element-7f4112d4 elementor-section-boxed elementor-section-height-default elementor-section-height-default\" data-id=\"7f4112d4\" data-element_type=\"section\" data-e-type=\"section\" data-settings=\"{&quot;background_background&quot;:&quot;classic&quot;}\">\n\t\t\t\t\t\t\t<div class=\"elementor-background-overlay\"><\/div>\n\t\t\t\t\t\t\t<div class=\"elementor-container elementor-column-gap-default\">\n\t\t\t\t\t<div class=\"elementor-column elementor-col-100 elementor-top-column elementor-element elementor-element-5bf05036\" data-id=\"5bf05036\" data-element_type=\"column\" data-e-type=\"column\">\n\t\t\t<div class=\"elementor-widget-wrap elementor-element-populated\">\n\t\t\t\t\t\t<div class=\"elementor-element elementor-element-c8a2e29 elementor-widget elementor-widget-image\" data-id=\"c8a2e29\" data-element_type=\"widget\" data-e-type=\"widget\" data-widget_type=\"image.default\">\n\t\t\t\t<div class=\"elementor-widget-container\">\n\t\t\t\t\t\t\t\t\t\t\t\t\t\t\t<img fetchpriority=\"high\" decoding=\"async\" width=\"431\" height=\"1024\" src=\"https:\/\/tomasic.de\/wp-content\/uploads\/2022\/03\/balke--431x1024.png\" class=\"attachment-large size-large wp-image-189\" alt=\"\" srcset=\"https:\/\/tomasic.de\/wp-content\/uploads\/2022\/03\/balke--431x1024.png 431w, https:\/\/tomasic.de\/wp-content\/uploads\/2022\/03\/balke--126x300.png 126w, https:\/\/tomasic.de\/wp-content\/uploads\/2022\/03\/balke-.png 466w\" sizes=\"(max-width: 431px) 100vw, 431px\" \/>\t\t\t\t\t\t\t\t\t\t\t\t\t\t\t<\/div>\n\t\t\t\t<\/div>\n\t\t\t\t<div class=\"elementor-element elementor-element-151dfcc9 elementor-widget elementor-widget-heading\" data-id=\"151dfcc9\" data-element_type=\"widget\" data-e-type=\"widget\" data-widget_type=\"heading.default\">\n\t\t\t\t<div class=\"elementor-widget-container\">\n\t\t\t\t\t<h1 class=\"elementor-heading-title elementor-size-default\">STELLENANGEBOT<\/h1>\t\t\t\t<\/div>\n\t\t\t\t<\/div>\n\t\t\t\t<div class=\"elementor-element elementor-element-c4a2d1c elementor-widget elementor-widget-heading\" data-id=\"c4a2d1c\" data-element_type=\"widget\" data-e-type=\"widget\" data-widget_type=\"heading.default\">\n\t\t\t\t<div class=\"elementor-widget-container\">\n\t\t\t\t\t<h6 class=\"elementor-heading-title elementor-size-default\"><a href=\"https:\/\/tomasic.de\/en\/karriere-2\/\">ZUR\u00dcCK ZUR \u00dcBERSICHT \u2192<\/a><\/h6>\t\t\t\t<\/div>\n\t\t\t\t<\/div>\n\t\t\t\t\t<\/div>\n\t\t<\/div>\n\t\t\t\t\t<\/div>\n\t\t<\/section>\n\t\t\t\t<section class=\"elementor-section elementor-top-section elementor-element elementor-element-581913f elementor-section-boxed elementor-section-height-default elementor-section-height-default\" data-id=\"581913f\" data-element_type=\"section\" data-e-type=\"section\" data-settings=\"{&quot;background_background&quot;:&quot;classic&quot;}\">\n\t\t\t\t\t\t\t<div class=\"elementor-background-overlay\"><\/div>\n\t\t\t\t\t\t\t<div class=\"elementor-container elementor-column-gap-default\">\n\t\t\t\t\t<div class=\"elementor-column elementor-col-100 elementor-top-column elementor-element elementor-element-2d87c22\" data-id=\"2d87c22\" data-element_type=\"column\" data-e-type=\"column\" data-settings=\"{&quot;background_background&quot;:&quot;classic&quot;}\">\n\t\t\t<div class=\"elementor-widget-wrap elementor-element-populated\">\n\t\t\t\t\t\t<div class=\"elementor-element elementor-element-723c41f elementor-widget elementor-widget-image\" data-id=\"723c41f\" data-element_type=\"widget\" data-e-type=\"widget\" data-widget_type=\"image.default\">\n\t\t\t\t<div class=\"elementor-widget-container\">\n\t\t\t\t\t\t\t\t\t\t\t\t\t\t\t<img fetchpriority=\"high\" decoding=\"async\" width=\"431\" height=\"1024\" src=\"https:\/\/tomasic.de\/wp-content\/uploads\/2022\/03\/balke--431x1024.png\" class=\"attachment-large size-large wp-image-189\" alt=\"\" srcset=\"https:\/\/tomasic.de\/wp-content\/uploads\/2022\/03\/balke--431x1024.png 431w, https:\/\/tomasic.de\/wp-content\/uploads\/2022\/03\/balke--126x300.png 126w, https:\/\/tomasic.de\/wp-content\/uploads\/2022\/03\/balke-.png 466w\" sizes=\"(max-width: 431px) 100vw, 431px\" \/>\t\t\t\t\t\t\t\t\t\t\t\t\t\t\t<\/div>\n\t\t\t\t<\/div>\n\t\t\t\t<div class=\"elementor-element elementor-element-6b8ef6b elementor-widget elementor-widget-heading\" data-id=\"6b8ef6b\" data-element_type=\"widget\" data-e-type=\"widget\" data-widget_type=\"heading.default\">\n\t\t\t\t<div class=\"elementor-widget-container\">\n\t\t\t\t\t<h6 class=\"elementor-heading-title elementor-size-default\">Stellenangebot<\/h6>\t\t\t\t<\/div>\n\t\t\t\t<\/div>\n\t\t\t\t<div class=\"elementor-element elementor-element-039991b elementor-widget elementor-widget-heading\" data-id=\"039991b\" data-element_type=\"widget\" data-e-type=\"widget\" data-widget_type=\"heading.default\">\n\t\t\t\t<div class=\"elementor-widget-container\">\n\t\t\t\t\t<h2 class=\"elementor-heading-title elementor-size-default\">Vertriebsingenieur - Sondermaschinenbau (m\/w\/d)<\/h2>\t\t\t\t<\/div>\n\t\t\t\t<\/div>\n\t\t\t\t<div class=\"elementor-element elementor-element-4ea0386 elementor-widget elementor-widget-heading\" data-id=\"4ea0386\" data-element_type=\"widget\" data-e-type=\"widget\" data-widget_type=\"heading.default\">\n\t\t\t\t<div class=\"elementor-widget-container\">\n\t\t\t\t\t<h6 class=\"elementor-heading-title elementor-size-default\">These are your tasks:<\/h6>\t\t\t\t<\/div>\n\t\t\t\t<\/div>\n\t\t\t\t<div class=\"elementor-element elementor-element-41d08ce elementor-widget elementor-widget-text-editor\" data-id=\"41d08ce\" data-element_type=\"widget\" data-e-type=\"widget\" data-widget_type=\"text-editor.default\">\n\t\t\t\t<div class=\"elementor-widget-container\">\n\t\t\t\t\t\t\t\t\t<ul><li><p class=\"p1\">Identifizierung und Erschlie\u00dfung neuer Gesch\u00e4ftsm\u00f6glichkeiten im Bereich Sondermaschinenbau<\/p><\/li><li><p class=\"p1\">Aufbau und Pflege von langfristigen Kundenbeziehungen durch aktive Kommunikation und Betreuung<\/p><\/li><li><p class=\"p1\">Erstellung von technischen Angeboten und Verhandlung von Vertragsbedingungen<\/p><\/li><li><p class=\"p1\">Enge Zusammenarbeit mit dem Engineering-Team, um kundenspezifische L\u00f6sungen zu entwickeln<\/p><\/li><li><p class=\"p1\">Terminliche und technische Begleitung der Kundenprojekte<\/p><\/li><\/ul>\t\t\t\t\t\t\t\t<\/div>\n\t\t\t\t<\/div>\n\t\t\t\t<div class=\"elementor-element elementor-element-2d20630 elementor-widget elementor-widget-heading\" data-id=\"2d20630\" data-element_type=\"widget\" data-e-type=\"widget\" data-widget_type=\"heading.default\">\n\t\t\t\t<div class=\"elementor-widget-container\">\n\t\t\t\t\t<h6 class=\"elementor-heading-title elementor-size-default\">ihr profil<\/h6>\t\t\t\t<\/div>\n\t\t\t\t<\/div>\n\t\t\t\t<div class=\"elementor-element elementor-element-c3fb5d6 elementor-widget elementor-widget-text-editor\" data-id=\"c3fb5d6\" data-element_type=\"widget\" data-e-type=\"widget\" data-widget_type=\"text-editor.default\">\n\t\t\t\t<div class=\"elementor-widget-container\">\n\t\t\t\t\t\t\t\t\t<ul><li><p class=\"p1\">Abgeschlossenes Studium im Bereich Maschinenbau, Wirtschaftsingenieurwesen oder vergleichbare Qualifikation<\/p><\/li><li><p class=\"p1\">Mehrj\u00e4hrige Berufserfahrung im Vertrieb von technischen Produkten, idealerweise im Bereich Sondermaschinenbau<\/p><\/li><li><p class=\"p1\">Technisches Verst\u00e4ndnis und die F\u00e4higkeit, komplexe technische L\u00f6sungen zu verstehen und zu kommunizieren<\/p><\/li><li><p class=\"p1\">Ausgezeichnete Kommunikations-und Verhandlungsf\u00e4higkeiten in Deutsch und Englisch<\/p><\/li><li><p class=\"p1\">Hohe Eigenmotivation und Zielorientierung<\/p><\/li><li><p class=\"p1\">Reisebereitschaft und Flexibilit\u00e4t<\/p><\/li><\/ul>\t\t\t\t\t\t\t\t<\/div>\n\t\t\t\t<\/div>\n\t\t\t\t<div class=\"elementor-element elementor-element-2224d25 elementor-widget elementor-widget-heading\" data-id=\"2224d25\" data-element_type=\"widget\" data-e-type=\"widget\" data-widget_type=\"heading.default\">\n\t\t\t\t<div class=\"elementor-widget-container\">\n\t\t\t\t\t<h6 class=\"elementor-heading-title elementor-size-default\">Unser Angebot:<\/h6>\t\t\t\t<\/div>\n\t\t\t\t<\/div>\n\t\t\t\t<div class=\"elementor-element elementor-element-84d51fe elementor-widget elementor-widget-text-editor\" data-id=\"84d51fe\" data-element_type=\"widget\" data-e-type=\"widget\" data-widget_type=\"text-editor.default\">\n\t\t\t\t<div class=\"elementor-widget-container\">\n\t\t\t\t\t\t\t\t\t<ul><li><p class=\"p1\">Zukunftsorientiertes Familienunternehmen<\/p><\/li><li><p class=\"p1\">Flache Hierarchie und eigenst\u00e4ndiges Arbeiten<\/p><\/li><li><p class=\"p1\">Flexible Arbeitszeiten<\/p><\/li><li><p class=\"p1\">Dienstwagen<\/p><\/li><li><p class=\"p1\">M\u00f6glichkeit von Homeoffice<\/p><\/li><li><p class=\"p1\">Leistungsgerechte Verg\u00fctung<\/p><\/li><li><p class=\"p1\">Betriebliche Zusatzleistungen<\/p><\/li><li><p class=\"p1\">Berufliche Perspektiven und abwechslungsreiche Projekte<\/p><p class=\"p1\">Kollegiale und teamorientierte Atmosph\u00e4re in einem Team aus jungen und erfahrenen Mitarbeitern<\/p><\/li><\/ul>\t\t\t\t\t\t\t\t<\/div>\n\t\t\t\t<\/div>\n\t\t\t\t<div class=\"elementor-element elementor-element-36ddc00 elementor-widget elementor-widget-text-editor\" data-id=\"36ddc00\" data-element_type=\"widget\" data-e-type=\"widget\" data-widget_type=\"text-editor.default\">\n\t\t\t\t<div class=\"elementor-widget-container\">\n\t\t\t\t\t\t\t\t\t<p class=\"p2\">\u00a0<\/p><p class=\"p1\">Wir freuen uns auf Ihre Bewerbung!<br \/>Bitten senden Sie uns ihre Bewerbung mit Gehaltsvorstellungen an <a href=\"mailto:jobs@tomasic.de\"><span class=\"s1\">jobs@tomasic.de<\/span><\/a>.<\/p><p class=\"p1\">Ihr Ansprechpartner:<br \/>Herr Dietmar Sober<br \/>Tomasic Engineering GmbH<br \/>Am Bahndamm 23<br \/>89168 Niederstotzingen<br \/>Deutschland<\/p><p class=\"p1\">Tel: +49 7325 967966 &#8211; 0<\/p>\t\t\t\t\t\t\t\t<\/div>\n\t\t\t\t<\/div>\n\t\t\t\t\t<\/div>\n\t\t<\/div>\n\t\t\t\t\t<\/div>\n\t\t<\/section>\n\t\t\t\t<\/div>","protected":false},"excerpt":{"rendered":"<p>STELLENANGEBOT ZUR\u00dcCK ZUR \u00dcBERSICHT \u2192 Stellenangebot Vertriebsingenieur &#8211; Sondermaschinenbau (m\/w\/d) DAs sind ihre aufgaben: Identifizierung und Erschlie\u00dfung neuer Gesch\u00e4ftsm\u00f6glichkeiten im Bereich Sondermaschinenbau Aufbau und Pflege von langfristigen Kundenbeziehungen durch aktive Kommunikation und Betreuung Erstellung von technischen Angeboten und Verhandlung von Vertragsbedingungen Enge Zusammenarbeit mit dem Engineering-Team, um kundenspezifische L\u00f6sungen zu entwickeln Terminliche und technische Begleitung [&hellip;]<\/p>\n","protected":false},"author":1,"featured_media":0,"parent":0,"menu_order":0,"comment_status":"closed","ping_status":"closed","template":"elementor_header_footer","meta":{"footnotes":""},"class_list":["post-1222","page","type-page","status-publish","hentry"],"_links":{"self":[{"href":"https:\/\/tomasic.de\/en\/wp-json\/wp\/v2\/pages\/1222","targetHints":{"allow":["GET"]}}],"collection":[{"href":"https:\/\/tomasic.de\/en\/wp-json\/wp\/v2\/pages"}],"about":[{"href":"https:\/\/tomasic.de\/en\/wp-json\/wp\/v2\/types\/page"}],"author":[{"embeddable":true,"href":"https:\/\/tomasic.de\/en\/wp-json\/wp\/v2\/users\/1"}],"replies":[{"embeddable":true,"href":"https:\/\/tomasic.de\/en\/wp-json\/wp\/v2\/comments?post=1222"}],"version-history":[{"count":22,"href":"https:\/\/tomasic.de\/en\/wp-json\/wp\/v2\/pages\/1222\/revisions"}],"predecessor-version":[{"id":1673,"href":"https:\/\/tomasic.de\/en\/wp-json\/wp\/v2\/pages\/1222\/revisions\/1673"}],"wp:attachment":[{"href":"https:\/\/tomasic.de\/en\/wp-json\/wp\/v2\/media?parent=1222"}],"curies":[{"name":"wp","href":"https:\/\/api.w.org\/{rel}","templated":true}]}}