{"id":1368,"date":"2024-04-26T13:34:20","date_gmt":"2024-04-26T11:34:20","guid":{"rendered":"https:\/\/tomasic.de\/?page_id=1368"},"modified":"2024-04-26T14:55:40","modified_gmt":"2024-04-26T12:55:40","slug":"stahlbau","status":"publish","type":"page","link":"https:\/\/tomasic.de\/en\/stahlbau\/","title":{"rendered":"Steel construction"},"content":{"rendered":"\t\t<div data-elementor-type=\"wp-page\" data-elementor-id=\"1368\" class=\"elementor elementor-1368\" data-elementor-post-type=\"page\">\n\t\t\t\t\t\t<section class=\"elementor-section elementor-top-section elementor-element elementor-element-e1c8026 elementor-section-boxed elementor-section-height-default elementor-section-height-default\" data-id=\"e1c8026\" data-element_type=\"section\" data-e-type=\"section\" data-settings=\"{&quot;background_background&quot;:&quot;classic&quot;,&quot;shape_divider_top&quot;:&quot;tilt&quot;}\">\n\t\t\t\t\t\t\t<div class=\"elementor-background-overlay\"><\/div>\n\t\t\t\t\t\t<div class=\"elementor-shape elementor-shape-top\" aria-hidden=\"true\" data-negative=\"false\">\n\t\t\t<svg xmlns=\"http:\/\/www.w3.org\/2000\/svg\" viewBox=\"0 0 1000 100\" preserveAspectRatio=\"none\">\n\t<path class=\"elementor-shape-fill\" d=\"M0,6V0h1000v100L0,6z\"\/>\n<\/svg>\t\t<\/div>\n\t\t\t\t\t<div class=\"elementor-container elementor-column-gap-default\">\n\t\t\t\t\t<div class=\"elementor-column elementor-col-100 elementor-top-column elementor-element elementor-element-cbbdbf8\" data-id=\"cbbdbf8\" data-element_type=\"column\" data-e-type=\"column\">\n\t\t\t<div class=\"elementor-widget-wrap elementor-element-populated\">\n\t\t\t\t\t\t<section class=\"elementor-section elementor-inner-section elementor-element elementor-element-d1fb1ff elementor-section-boxed elementor-section-height-default elementor-section-height-default\" data-id=\"d1fb1ff\" data-element_type=\"section\" data-e-type=\"section\">\n\t\t\t\t\t\t<div class=\"elementor-container elementor-column-gap-default\">\n\t\t\t\t\t<div class=\"elementor-column elementor-col-50 elementor-inner-column elementor-element elementor-element-92e3c31\" data-id=\"92e3c31\" data-element_type=\"column\" data-e-type=\"column\">\n\t\t\t<div class=\"elementor-widget-wrap elementor-element-populated\">\n\t\t\t\t\t\t<div class=\"elementor-element elementor-element-b7304fe animated-slow elementor-hidden-desktop elementor-widget elementor-widget-image\" data-id=\"b7304fe\" data-element_type=\"widget\" data-e-type=\"widget\" data-settings=\"{&quot;_animation&quot;:&quot;none&quot;,&quot;motion_fx_motion_fx_scrolling&quot;:&quot;yes&quot;,&quot;motion_fx_devices&quot;:[&quot;desktop&quot;,&quot;tablet&quot;,&quot;mobile&quot;]}\" data-widget_type=\"image.default\">\n\t\t\t\t<div class=\"elementor-widget-container\">\n\t\t\t\t\t\t\t\t\t\t\t\t\t\t\t<img fetchpriority=\"high\" decoding=\"async\" width=\"1706\" height=\"2560\" src=\"https:\/\/tomasic.de\/wp-content\/uploads\/2022\/03\/arbeiter-scaled.jpg\" class=\"attachment-full size-full wp-image-340\" alt=\"\" srcset=\"https:\/\/tomasic.de\/wp-content\/uploads\/2022\/03\/arbeiter-scaled.jpg 1706w, https:\/\/tomasic.de\/wp-content\/uploads\/2022\/03\/arbeiter-200x300.jpg 200w, https:\/\/tomasic.de\/wp-content\/uploads\/2022\/03\/arbeiter-683x1024.jpg 683w, https:\/\/tomasic.de\/wp-content\/uploads\/2022\/03\/arbeiter-768x1152.jpg 768w, https:\/\/tomasic.de\/wp-content\/uploads\/2022\/03\/arbeiter-1024x1536.jpg 1024w, https:\/\/tomasic.de\/wp-content\/uploads\/2022\/03\/arbeiter-1365x2048.jpg 1365w\" sizes=\"(max-width: 1706px) 100vw, 1706px\" \/>\t\t\t\t\t\t\t\t\t\t\t\t\t\t\t<\/div>\n\t\t\t\t<\/div>\n\t\t\t\t<div class=\"elementor-element elementor-element-08bd845 animated-slow elementor-hidden-mobile elementor-hidden-tablet elementor-widget elementor-widget-image\" data-id=\"08bd845\" data-element_type=\"widget\" data-e-type=\"widget\" data-settings=\"{&quot;_animation&quot;:&quot;none&quot;}\" data-widget_type=\"image.default\">\n\t\t\t\t<div class=\"elementor-widget-container\">\n\t\t\t\t\t\t\t\t\t\t\t\t\t\t\t<img fetchpriority=\"high\" decoding=\"async\" width=\"1706\" height=\"2560\" src=\"https:\/\/tomasic.de\/wp-content\/uploads\/2022\/03\/arbeiter-scaled.jpg\" class=\"attachment-full size-full wp-image-340\" alt=\"\" srcset=\"https:\/\/tomasic.de\/wp-content\/uploads\/2022\/03\/arbeiter-scaled.jpg 1706w, https:\/\/tomasic.de\/wp-content\/uploads\/2022\/03\/arbeiter-200x300.jpg 200w, https:\/\/tomasic.de\/wp-content\/uploads\/2022\/03\/arbeiter-683x1024.jpg 683w, https:\/\/tomasic.de\/wp-content\/uploads\/2022\/03\/arbeiter-768x1152.jpg 768w, https:\/\/tomasic.de\/wp-content\/uploads\/2022\/03\/arbeiter-1024x1536.jpg 1024w, https:\/\/tomasic.de\/wp-content\/uploads\/2022\/03\/arbeiter-1365x2048.jpg 1365w\" sizes=\"(max-width: 1706px) 100vw, 1706px\" \/>\t\t\t\t\t\t\t\t\t\t\t\t\t\t\t<\/div>\n\t\t\t\t<\/div>\n\t\t\t\t\t<\/div>\n\t\t<\/div>\n\t\t\t\t<div class=\"elementor-column elementor-col-50 elementor-inner-column elementor-element elementor-element-6c9711a\" data-id=\"6c9711a\" data-element_type=\"column\" data-e-type=\"column\">\n\t\t\t<div class=\"elementor-widget-wrap elementor-element-populated\">\n\t\t\t\t\t\t<div class=\"elementor-element elementor-element-0f2ae6d elementor-widget elementor-widget-image\" data-id=\"0f2ae6d\" data-element_type=\"widget\" data-e-type=\"widget\" data-widget_type=\"image.default\">\n\t\t\t\t<div class=\"elementor-widget-container\">\n\t\t\t\t\t\t\t\t\t\t\t\t\t\t\t<img decoding=\"async\" width=\"431\" height=\"1024\" src=\"https:\/\/tomasic.de\/wp-content\/uploads\/2022\/03\/balke--431x1024.png\" class=\"attachment-large size-large wp-image-189\" alt=\"\" srcset=\"https:\/\/tomasic.de\/wp-content\/uploads\/2022\/03\/balke--431x1024.png 431w, https:\/\/tomasic.de\/wp-content\/uploads\/2022\/03\/balke--126x300.png 126w, https:\/\/tomasic.de\/wp-content\/uploads\/2022\/03\/balke-.png 466w\" sizes=\"(max-width: 431px) 100vw, 431px\" \/>\t\t\t\t\t\t\t\t\t\t\t\t\t\t\t<\/div>\n\t\t\t\t<\/div>\n\t\t\t\t<div class=\"elementor-element elementor-element-81be75c elementor-widget elementor-widget-heading\" data-id=\"81be75c\" data-element_type=\"widget\" data-e-type=\"widget\" data-widget_type=\"heading.default\">\n\t\t\t\t<div class=\"elementor-widget-container\">\n\t\t\t\t\t<h3 class=\"elementor-heading-title elementor-size-default\">Stahlbau<\/h3>\t\t\t\t<\/div>\n\t\t\t\t<\/div>\n\t\t\t\t<div class=\"elementor-element elementor-element-c85f768 elementor-hidden-tablet elementor-widget elementor-widget-text-editor\" data-id=\"c85f768\" data-element_type=\"widget\" data-e-type=\"widget\" data-widget_type=\"text-editor.default\">\n\t\t\t\t<div class=\"elementor-widget-container\">\n\t\t\t\t\t\t\t\t\t<p class=\"p1\"><strong>Z\u00e4hlen sie auf uns als kompetenter Auftragsfertiger.<span class=\"Apple-converted-space\">\u00a0<\/span><\/strong><\/p><p class=\"p1\">In unserer Produktionsst\u00e4tte fertigen wir mit unseren qualifizierten Mitarbeitern:<\/p>\t\t\t\t\t\t\t\t<\/div>\n\t\t\t\t<\/div>\n\t\t\t\t<div class=\"elementor-element elementor-element-48723a0 elementor-icon-list--layout-traditional elementor-list-item-link-full_width elementor-widget elementor-widget-icon-list\" data-id=\"48723a0\" data-element_type=\"widget\" data-e-type=\"widget\" data-widget_type=\"icon-list.default\">\n\t\t\t\t<div class=\"elementor-widget-container\">\n\t\t\t\t\t\t\t<ul class=\"elementor-icon-list-items\">\n\t\t\t\t\t\t\t<li class=\"elementor-icon-list-item\">\n\t\t\t\t\t\t\t\t\t\t\t<span class=\"elementor-icon-list-icon\">\n\t\t\t\t\t\t\t<i aria-hidden=\"true\" class=\"fas fa-check-circle\"><\/i>\t\t\t\t\t\t<\/span>\n\t\t\t\t\t\t\t\t\t\t<span class=\"elementor-icon-list-text\">Einzelteile<\/span>\n\t\t\t\t\t\t\t\t\t<\/li>\n\t\t\t\t\t\t\t\t<li class=\"elementor-icon-list-item\">\n\t\t\t\t\t\t\t\t\t\t\t<span class=\"elementor-icon-list-icon\">\n\t\t\t\t\t\t\t<i aria-hidden=\"true\" class=\"fas fa-check-circle\"><\/i>\t\t\t\t\t\t<\/span>\n\t\t\t\t\t\t\t\t\t\t<span class=\"elementor-icon-list-text\">Schwei\u00dfkonstruktionen<\/span>\n\t\t\t\t\t\t\t\t\t<\/li>\n\t\t\t\t\t\t\t\t<li class=\"elementor-icon-list-item\">\n\t\t\t\t\t\t\t\t\t\t\t<span class=\"elementor-icon-list-icon\">\n\t\t\t\t\t\t\t<i aria-hidden=\"true\" class=\"fas fa-check-circle\"><\/i>\t\t\t\t\t\t<\/span>\n\t\t\t\t\t\t\t\t\t\t<span class=\"elementor-icon-list-text\">Sonderkonstruktionen<\/span>\n\t\t\t\t\t\t\t\t\t<\/li>\n\t\t\t\t\t\t\t\t<li class=\"elementor-icon-list-item\">\n\t\t\t\t\t\t\t\t\t\t\t<span class=\"elementor-icon-list-icon\">\n\t\t\t\t\t\t\t<i aria-hidden=\"true\" class=\"fas fa-check-circle\"><\/i>\t\t\t\t\t\t<\/span>\n\t\t\t\t\t\t\t\t\t\t<span class=\"elementor-icon-list-text\">Rohrleitungen<\/span>\n\t\t\t\t\t\t\t\t\t<\/li>\n\t\t\t\t\t\t\t\t<li class=\"elementor-icon-list-item\">\n\t\t\t\t\t\t\t\t\t\t\t<span class=\"elementor-icon-list-icon\">\n\t\t\t\t\t\t\t<i aria-hidden=\"true\" class=\"fas fa-check-circle\"><\/i>\t\t\t\t\t\t<\/span>\n\t\t\t\t\t\t\t\t\t\t<span class=\"elementor-icon-list-text\">Treppen, Podeste und Gel\u00e4nder (inkl. Montageservice)<\/span>\n\t\t\t\t\t\t\t\t\t<\/li>\n\t\t\t\t\t\t<\/ul>\n\t\t\t\t\t\t<\/div>\n\t\t\t\t<\/div>\n\t\t\t\t<div class=\"elementor-element elementor-element-9eaf963 elementor-widget elementor-widget-text-editor\" data-id=\"9eaf963\" data-element_type=\"widget\" data-e-type=\"widget\" data-widget_type=\"text-editor.default\">\n\t\t\t\t<div class=\"elementor-widget-container\">\n\t\t\t\t\t\t\t\t\t<p class=\"p1\">Zuverl\u00e4ssigkeit, Termintreue und die Einhaltung unseres deutschen Qualit\u00e4tsbewusstsein sind eine Selbstverst\u00e4ndlichkeit.<\/p>\t\t\t\t\t\t\t\t<\/div>\n\t\t\t\t<\/div>\n\t\t\t\t<div class=\"elementor-element elementor-element-7c5c6f5 elementor-widget elementor-widget-spacer\" data-id=\"7c5c6f5\" data-element_type=\"widget\" data-e-type=\"widget\" data-widget_type=\"spacer.default\">\n\t\t\t\t<div class=\"elementor-widget-container\">\n\t\t\t\t\t\t\t<div class=\"elementor-spacer\">\n\t\t\t<div class=\"elementor-spacer-inner\"><\/div>\n\t\t<\/div>\n\t\t\t\t\t\t<\/div>\n\t\t\t\t<\/div>\n\t\t\t\t\t<\/div>\n\t\t<\/div>\n\t\t\t\t\t<\/div>\n\t\t<\/section>\n\t\t\t\t\t<\/div>\n\t\t<\/div>\n\t\t\t\t\t<\/div>\n\t\t<\/section>\n\t\t\t\t<\/div>\n\t\t","protected":false},"excerpt":{"rendered":"<p>Stahlbau Z\u00e4hlen sie auf uns als kompetenter Auftragsfertiger.\u00a0 In unserer Produktionsst\u00e4tte fertigen wir mit unseren qualifizierten Mitarbeitern: Einzelteile Schwei\u00dfkonstruktionen Sonderkonstruktionen Rohrleitungen Treppen, Podeste und Gel\u00e4nder (inkl. Montageservice) Zuverl\u00e4ssigkeit, Termintreue und die Einhaltung unseres deutschen Qualit\u00e4tsbewusstsein sind eine Selbstverst\u00e4ndlichkeit.<\/p>","protected":false},"author":1,"featured_media":0,"parent":0,"menu_order":0,"comment_status":"closed","ping_status":"closed","template":"elementor_header_footer","meta":{"footnotes":""},"class_list":["post-1368","page","type-page","status-publish","hentry"],"_links":{"self":[{"href":"https:\/\/tomasic.de\/en\/wp-json\/wp\/v2\/pages\/1368","targetHints":{"allow":["GET"]}}],"collection":[{"href":"https:\/\/tomasic.de\/en\/wp-json\/wp\/v2\/pages"}],"about":[{"href":"https:\/\/tomasic.de\/en\/wp-json\/wp\/v2\/types\/page"}],"author":[{"embeddable":true,"href":"https:\/\/tomasic.de\/en\/wp-json\/wp\/v2\/users\/1"}],"replies":[{"embeddable":true,"href":"https:\/\/tomasic.de\/en\/wp-json\/wp\/v2\/comments?post=1368"}],"version-history":[{"count":10,"href":"https:\/\/tomasic.de\/en\/wp-json\/wp\/v2\/pages\/1368\/revisions"}],"predecessor-version":[{"id":1468,"href":"https:\/\/tomasic.de\/en\/wp-json\/wp\/v2\/pages\/1368\/revisions\/1468"}],"wp:attachment":[{"href":"https:\/\/tomasic.de\/en\/wp-json\/wp\/v2\/media?parent=1368"}],"curies":[{"name":"wp","href":"https:\/\/api.w.org\/{rel}","templated":true}]}}