{"id":1630,"date":"2025-10-07T14:54:56","date_gmt":"2025-10-07T12:54:56","guid":{"rendered":"https:\/\/tomasic.de\/?page_id=1630"},"modified":"2025-10-07T14:57:01","modified_gmt":"2025-10-07T12:57:01","slug":"technischer-zeichner-m-w-d","status":"publish","type":"page","link":"https:\/\/tomasic.de\/en\/technischer-zeichner-m-w-d\/","title":{"rendered":"Technischer Zeichner"},"content":{"rendered":"<div data-elementor-type=\"wp-page\" data-elementor-id=\"1630\" class=\"elementor elementor-1630\" data-elementor-post-type=\"page\">\n\t\t\t\t\t\t<section class=\"elementor-section elementor-top-section elementor-element elementor-element-7f4112d4 elementor-section-boxed elementor-section-height-default elementor-section-height-default\" data-id=\"7f4112d4\" data-element_type=\"section\" data-e-type=\"section\" data-settings=\"{&quot;background_background&quot;:&quot;classic&quot;}\">\n\t\t\t\t\t\t\t<div class=\"elementor-background-overlay\"><\/div>\n\t\t\t\t\t\t\t<div class=\"elementor-container elementor-column-gap-default\">\n\t\t\t\t\t<div class=\"elementor-column elementor-col-100 elementor-top-column elementor-element elementor-element-5bf05036\" data-id=\"5bf05036\" data-element_type=\"column\" data-e-type=\"column\">\n\t\t\t<div class=\"elementor-widget-wrap elementor-element-populated\">\n\t\t\t\t\t\t<div class=\"elementor-element elementor-element-c8a2e29 elementor-widget elementor-widget-image\" data-id=\"c8a2e29\" data-element_type=\"widget\" data-e-type=\"widget\" data-widget_type=\"image.default\">\n\t\t\t\t<div class=\"elementor-widget-container\">\n\t\t\t\t\t\t\t\t\t\t\t\t\t\t\t<img fetchpriority=\"high\" decoding=\"async\" width=\"431\" height=\"1024\" src=\"https:\/\/tomasic.de\/wp-content\/uploads\/2022\/03\/balke--431x1024.png\" class=\"attachment-large size-large wp-image-189\" alt=\"\" srcset=\"https:\/\/tomasic.de\/wp-content\/uploads\/2022\/03\/balke--431x1024.png 431w, https:\/\/tomasic.de\/wp-content\/uploads\/2022\/03\/balke--126x300.png 126w, https:\/\/tomasic.de\/wp-content\/uploads\/2022\/03\/balke-.png 466w\" sizes=\"(max-width: 431px) 100vw, 431px\" \/>\t\t\t\t\t\t\t\t\t\t\t\t\t\t\t<\/div>\n\t\t\t\t<\/div>\n\t\t\t\t<div class=\"elementor-element elementor-element-151dfcc9 elementor-widget elementor-widget-heading\" data-id=\"151dfcc9\" data-element_type=\"widget\" data-e-type=\"widget\" data-widget_type=\"heading.default\">\n\t\t\t\t<div class=\"elementor-widget-container\">\n\t\t\t\t\t<h1 class=\"elementor-heading-title elementor-size-default\">STELLENANGEBOT<\/h1>\t\t\t\t<\/div>\n\t\t\t\t<\/div>\n\t\t\t\t<div class=\"elementor-element elementor-element-c4a2d1c elementor-widget elementor-widget-heading\" data-id=\"c4a2d1c\" data-element_type=\"widget\" data-e-type=\"widget\" data-widget_type=\"heading.default\">\n\t\t\t\t<div class=\"elementor-widget-container\">\n\t\t\t\t\t<h6 class=\"elementor-heading-title elementor-size-default\"><a href=\"https:\/\/tomasic.de\/en\/karriere-2\/\">ZUR\u00dcCK ZUR \u00dcBERSICHT \u2192<\/a><\/h6>\t\t\t\t<\/div>\n\t\t\t\t<\/div>\n\t\t\t\t\t<\/div>\n\t\t<\/div>\n\t\t\t\t\t<\/div>\n\t\t<\/section>\n\t\t\t\t<section class=\"elementor-section elementor-top-section elementor-element elementor-element-581913f elementor-section-boxed elementor-section-height-default elementor-section-height-default\" data-id=\"581913f\" data-element_type=\"section\" data-e-type=\"section\" data-settings=\"{&quot;background_background&quot;:&quot;classic&quot;}\">\n\t\t\t\t\t\t\t<div class=\"elementor-background-overlay\"><\/div>\n\t\t\t\t\t\t\t<div class=\"elementor-container elementor-column-gap-default\">\n\t\t\t\t\t<div class=\"elementor-column elementor-col-100 elementor-top-column elementor-element elementor-element-2d87c22\" data-id=\"2d87c22\" data-element_type=\"column\" data-e-type=\"column\" data-settings=\"{&quot;background_background&quot;:&quot;classic&quot;}\">\n\t\t\t<div class=\"elementor-widget-wrap elementor-element-populated\">\n\t\t\t\t\t\t<div class=\"elementor-element elementor-element-723c41f elementor-widget elementor-widget-image\" data-id=\"723c41f\" data-element_type=\"widget\" data-e-type=\"widget\" data-widget_type=\"image.default\">\n\t\t\t\t<div class=\"elementor-widget-container\">\n\t\t\t\t\t\t\t\t\t\t\t\t\t\t\t<img fetchpriority=\"high\" decoding=\"async\" width=\"431\" height=\"1024\" src=\"https:\/\/tomasic.de\/wp-content\/uploads\/2022\/03\/balke--431x1024.png\" class=\"attachment-large size-large wp-image-189\" alt=\"\" srcset=\"https:\/\/tomasic.de\/wp-content\/uploads\/2022\/03\/balke--431x1024.png 431w, https:\/\/tomasic.de\/wp-content\/uploads\/2022\/03\/balke--126x300.png 126w, https:\/\/tomasic.de\/wp-content\/uploads\/2022\/03\/balke-.png 466w\" sizes=\"(max-width: 431px) 100vw, 431px\" \/>\t\t\t\t\t\t\t\t\t\t\t\t\t\t\t<\/div>\n\t\t\t\t<\/div>\n\t\t\t\t<div class=\"elementor-element elementor-element-6b8ef6b elementor-widget elementor-widget-heading\" data-id=\"6b8ef6b\" data-element_type=\"widget\" data-e-type=\"widget\" data-widget_type=\"heading.default\">\n\t\t\t\t<div class=\"elementor-widget-container\">\n\t\t\t\t\t<h6 class=\"elementor-heading-title elementor-size-default\">Stellenangebot<\/h6>\t\t\t\t<\/div>\n\t\t\t\t<\/div>\n\t\t\t\t<div class=\"elementor-element elementor-element-039991b elementor-widget elementor-widget-heading\" data-id=\"039991b\" data-element_type=\"widget\" data-e-type=\"widget\" data-widget_type=\"heading.default\">\n\t\t\t\t<div class=\"elementor-widget-container\">\n\t\t\t\t\t<h2 class=\"elementor-heading-title elementor-size-default\">Technischer Zeichner (m\/w\/d)<\/h2>\t\t\t\t<\/div>\n\t\t\t\t<\/div>\n\t\t\t\t<div class=\"elementor-element elementor-element-4ea0386 elementor-widget elementor-widget-heading\" data-id=\"4ea0386\" data-element_type=\"widget\" data-e-type=\"widget\" data-widget_type=\"heading.default\">\n\t\t\t\t<div class=\"elementor-widget-container\">\n\t\t\t\t\t<h6 class=\"elementor-heading-title elementor-size-default\">These are your tasks:<\/h6>\t\t\t\t<\/div>\n\t\t\t\t<\/div>\n\t\t\t\t<div class=\"elementor-element elementor-element-41d08ce elementor-widget elementor-widget-text-editor\" data-id=\"41d08ce\" data-element_type=\"widget\" data-e-type=\"widget\" data-widget_type=\"text-editor.default\">\n\t\t\t\t<div class=\"elementor-widget-container\">\n\t\t\t\t\t\t\t\t\t<ul><li>Erstellung und Pflege technischer Zeichnungen, Pl\u00e4ne und St\u00fccklisten mit CAD-Systemen (z.\u202fB. AutoCAD, SolidWorks, Inventor)<\/li><li>Ausarbeitung von Detail- und Fertigungszeichnungen auf Basis von Entwurfsskizzen und Konstruktionsvorgaben<\/li><li>Abstimmung mit Konstrukteuren, Projektleitern und der Fertigung<\/li><li>Verwaltung und Archivierung technischer Dokumentationen<\/li><li>Mitwirkung bei der Weiterentwicklung von Konstruktionsstandards und CAD-Vorlagen<\/li><\/ul>\t\t\t\t\t\t\t\t<\/div>\n\t\t\t\t<\/div>\n\t\t\t\t<div class=\"elementor-element elementor-element-2224d25 elementor-widget elementor-widget-heading\" data-id=\"2224d25\" data-element_type=\"widget\" data-e-type=\"widget\" data-widget_type=\"heading.default\">\n\t\t\t\t<div class=\"elementor-widget-container\">\n\t\t\t\t\t<h6 class=\"elementor-heading-title elementor-size-default\">Ihr Profil:<\/h6>\t\t\t\t<\/div>\n\t\t\t\t<\/div>\n\t\t\t\t<div class=\"elementor-element elementor-element-734dde2 elementor-widget elementor-widget-text-editor\" data-id=\"734dde2\" data-element_type=\"widget\" data-e-type=\"widget\" data-widget_type=\"text-editor.default\">\n\t\t\t\t<div class=\"elementor-widget-container\">\n\t\t\t\t\t\t\t\t\t<ul><li>Abgeschlossene Ausbildung als Technischer Zeichner, Technischer Produktdesigner oder vergleichbare Qualifikation<\/li><li>Sicherer Umgang mit g\u00e4ngigen CAD-Programmen (z.\u202fB. AutoCAD, SolidWorks, Inventor oder vergleichbare)<\/li><li>Technisches Verst\u00e4ndnis und ein gutes r\u00e4umliches Vorstellungsverm\u00f6gen<\/li><li>Sorgf\u00e4ltige, strukturierte und selbstst\u00e4ndige Arbeitsweise<\/li><li>Teamf\u00e4higkeit und Kommunikationsst\u00e4rke<\/li><\/ul>\t\t\t\t\t\t\t\t<\/div>\n\t\t\t\t<\/div>\n\t\t\t\t<div class=\"elementor-element elementor-element-52cef7e elementor-widget elementor-widget-heading\" data-id=\"52cef7e\" data-element_type=\"widget\" data-e-type=\"widget\" data-widget_type=\"heading.default\">\n\t\t\t\t<div class=\"elementor-widget-container\">\n\t\t\t\t\t<h6 class=\"elementor-heading-title elementor-size-default\">Was wir bieten:<\/h6>\t\t\t\t<\/div>\n\t\t\t\t<\/div>\n\t\t\t\t<div class=\"elementor-element elementor-element-f85f884 elementor-widget elementor-widget-text-editor\" data-id=\"f85f884\" data-element_type=\"widget\" data-e-type=\"widget\" data-widget_type=\"text-editor.default\">\n\t\t\t\t<div class=\"elementor-widget-container\">\n\t\t\t\t\t\t\t\t\t<ul><li>Zukunftsorientiertes Familienunternehmen<\/li><li>Flache Hierarchie und eigenst\u00e4ndiges Arbeiten<\/li><li>Flexible Arbeitszeiten<\/li><li>Leistungsgerechte Verg\u00fctung<\/li><li>Betriebliche Zusatzleistungen<\/li><li>Berufliche Perspektiven und abwechslungsreiche Projekte<\/li><li>Kollegiale und teamorientierte Atmosph\u00e4re in einem Team aus jungen und erfahrenen Mitarbeitern<\/li><\/ul>\t\t\t\t\t\t\t\t<\/div>\n\t\t\t\t<\/div>\n\t\t\t\t<div class=\"elementor-element elementor-element-ed0c4cf elementor-widget elementor-widget-text-editor\" data-id=\"ed0c4cf\" data-element_type=\"widget\" data-e-type=\"widget\" data-widget_type=\"text-editor.default\">\n\t\t\t\t<div class=\"elementor-widget-container\">\n\t\t\t\t\t\t\t\t\t<p class=\"p2\">\u00a0<\/p><p class=\"p1\">Wir freuen uns auf Ihre Bewerbung!<br \/>Bitten senden Sie uns ihre Bewerbung mit Gehaltsvorstellungen an <a href=\"mailto:jobs@tomasic.de\"><span class=\"s1\">jobs@tomasic.de<\/span><\/a>.<\/p><p class=\"p1\">Ihr Ansprechpartner:<br \/>Herr Dietmar Sober<br \/>Tomasic Engineering GmbH<br \/>Am Bahndamm 23<br \/>89168 Niederstotzingen<br \/>Deutschland<\/p>\t\t\t\t\t\t\t\t<\/div>\n\t\t\t\t<\/div>\n\t\t\t\t\t<\/div>\n\t\t<\/div>\n\t\t\t\t\t<\/div>\n\t\t<\/section>\n\t\t\t\t<\/div>","protected":false},"excerpt":{"rendered":"<p>STELLENANGEBOT ZUR\u00dcCK ZUR \u00dcBERSICHT \u2192 Stellenangebot Technischer Zeichner (m\/w\/d) DAs sind ihre aufgaben: Erstellung und Pflege technischer Zeichnungen, Pl\u00e4ne und St\u00fccklisten mit CAD-Systemen (z.\u202fB. AutoCAD, SolidWorks, Inventor) Ausarbeitung von Detail- und Fertigungszeichnungen auf Basis von Entwurfsskizzen und Konstruktionsvorgaben Abstimmung mit Konstrukteuren, Projektleitern und der Fertigung Verwaltung und Archivierung technischer Dokumentationen Mitwirkung bei der Weiterentwicklung von [&hellip;]<\/p>\n","protected":false},"author":1,"featured_media":0,"parent":0,"menu_order":0,"comment_status":"closed","ping_status":"closed","template":"elementor_header_footer","meta":{"footnotes":""},"class_list":["post-1630","page","type-page","status-publish","hentry"],"_links":{"self":[{"href":"https:\/\/tomasic.de\/en\/wp-json\/wp\/v2\/pages\/1630","targetHints":{"allow":["GET"]}}],"collection":[{"href":"https:\/\/tomasic.de\/en\/wp-json\/wp\/v2\/pages"}],"about":[{"href":"https:\/\/tomasic.de\/en\/wp-json\/wp\/v2\/types\/page"}],"author":[{"embeddable":true,"href":"https:\/\/tomasic.de\/en\/wp-json\/wp\/v2\/users\/1"}],"replies":[{"embeddable":true,"href":"https:\/\/tomasic.de\/en\/wp-json\/wp\/v2\/comments?post=1630"}],"version-history":[{"count":5,"href":"https:\/\/tomasic.de\/en\/wp-json\/wp\/v2\/pages\/1630\/revisions"}],"predecessor-version":[{"id":1635,"href":"https:\/\/tomasic.de\/en\/wp-json\/wp\/v2\/pages\/1630\/revisions\/1635"}],"wp:attachment":[{"href":"https:\/\/tomasic.de\/en\/wp-json\/wp\/v2\/media?parent=1630"}],"curies":[{"name":"wp","href":"https:\/\/api.w.org\/{rel}","templated":true}]}}