{"id":226,"date":"2022-03-09T11:49:04","date_gmt":"2022-03-09T10:49:04","guid":{"rendered":"https:\/\/tomasic.de\/?page_id=226"},"modified":"2023-12-09T12:55:16","modified_gmt":"2023-12-09T11:55:16","slug":"impressum","status":"publish","type":"page","link":"https:\/\/tomasic.de\/en\/impressum\/","title":{"rendered":"Imprint"},"content":{"rendered":"<div data-elementor-type=\"wp-page\" data-elementor-id=\"226\" class=\"elementor elementor-226\" data-elementor-post-type=\"page\">\n\t\t\t\t\t\t<section class=\"elementor-section elementor-top-section elementor-element elementor-element-218405d elementor-section-boxed elementor-section-height-default elementor-section-height-default\" data-id=\"218405d\" data-element_type=\"section\" data-e-type=\"section\">\n\t\t\t\t\t\t<div class=\"elementor-container elementor-column-gap-default\">\n\t\t\t\t\t<div class=\"elementor-column elementor-col-100 elementor-top-column elementor-element elementor-element-4e7712e\" data-id=\"4e7712e\" data-element_type=\"column\" data-e-type=\"column\">\n\t\t\t<div class=\"elementor-widget-wrap elementor-element-populated\">\n\t\t\t\t\t\t<div class=\"elementor-element elementor-element-f8abe30 elementor-widget elementor-widget-spacer\" data-id=\"f8abe30\" data-element_type=\"widget\" data-e-type=\"widget\" data-widget_type=\"spacer.default\">\n\t\t\t\t<div class=\"elementor-widget-container\">\n\t\t\t\t\t\t\t<div class=\"elementor-spacer\">\n\t\t\t<div class=\"elementor-spacer-inner\"><\/div>\n\t\t<\/div>\n\t\t\t\t\t\t<\/div>\n\t\t\t\t<\/div>\n\t\t\t\t<div class=\"elementor-element elementor-element-5847513 elementor-widget elementor-widget-heading\" data-id=\"5847513\" data-element_type=\"widget\" data-e-type=\"widget\" data-widget_type=\"heading.default\">\n\t\t\t\t<div class=\"elementor-widget-container\">\n\t\t\t\t\t<h2 class=\"elementor-heading-title elementor-size-default\">Imprint<\/h2>\t\t\t\t<\/div>\n\t\t\t\t<\/div>\n\t\t\t\t<div class=\"elementor-element elementor-element-158b8ec elementor-widget elementor-widget-text-editor\" data-id=\"158b8ec\" data-element_type=\"widget\" data-e-type=\"widget\" data-widget_type=\"text-editor.default\">\n\t\t\t\t<div class=\"elementor-widget-container\">\n\t\t\t\t\t\t\t\t\t<p class=\"p1\">TOMASIC Engineering GmbH<br \/>Am Bahndamm 23<br \/>89168 Niederstotzingen<br \/><b>Festnetz:<\/b> +49 (0) 7325\/967966-0<br \/><b>Mail:<\/b>\u00a0<a href=\"mailto:info@tomasic.de\"><span class=\"s1\">info@tomasic.de<\/span><\/a><\/p><p class=\"p1\"><b>Rechtsform:<\/b>\u00a0GmbH<br \/><b>Vertreten durch Gesch\u00e4ftsf\u00fchrer:<\/b>\u00a0Zarko Tomasic, Dipl.-Ing.<br \/><b>USt-IdNr.:<\/b>DE352518167<\/p><p class=\"p1\"><strong>Registergericht:<\/strong> Amtsgericht Ulm, HRB 747150<\/p><p class=\"p2\">Allgemeine Nutzungsbedingungen<\/p><p class=\"p3\">1. Haftungsausschluss<\/p><p class=\"p1\">Obwohl die Seiten mit gr\u00f6\u00dfter Sorgfalt erstellt wurden, kann keine Gew\u00e4hr f\u00fcr die Richtigkeit, Vollst\u00e4ndigkeit und Aktualit\u00e4t der bereitgestellten Informationen \u00fcbernommen werden. Der Betreiber der Website bem\u00fcht sich darum, Fehler oder Irrt\u00fcmer zu berichtigen, wenn er Kenntnis davon erh\u00e4lt \u2013 danke f\u00fcr diesbez\u00fcgliche Hinweise. Es wird auch keine Gew\u00e4hr f\u00fcr die Verf\u00fcgbarkeit oder den Betrieb der gegenst\u00e4ndlichen Website und ihrer Inhalte \u00fcbernommen. Jede Haftung f\u00fcr unmittelbare, mittelbare oder sonstige Sch\u00e4den, unabh\u00e4ngig von deren Ursachen, die aus der Benutzung oder Nichtverf\u00fcgbarkeit der Website sowie der bereitgestellten Informationen auf dieser Website erwachsen, wird \u2013 soweit rechtlich zul\u00e4ssig \u2013 ausgeschlossen.<\/p><p class=\"p3\">2. Copyright<\/p><p class=\"p1\">Der Inhalt dieser Website ist urheberrechtlich gesch\u00fctzt. Die Informationen sind nur f\u00fcr die pers\u00f6nliche Verwendung bestimmt. Jede weitergehende Nutzung, insbesondere die Speicherung in Datenbanken, Vervielf\u00e4ltigung und jede Form von gewerblicher Nutzung sowie die Weitergabe an Dritte \u2013 auch in Teilen oder in \u00fcberarbeiteter Form, insbesondere von Fotos, Abbildungen und Texten \u2013 ohne Zustimmung des Betreibers der Website ist untersagt.<\/p><p class=\"p3\">3. Haftung f\u00fcr Links<\/p><p class=\"p1\">Diese Website kann Links zu externen Websites enthalten, jedoch hat der Betreiber der Website keinen Einfluss auf diese Zielseiten. Deshalb wird f\u00fcr diese fremden Inhalte auch keine Gew\u00e4hr \u00fcbernommen, daf\u00fcr ist stets der jeweilige Anbieter der Seiten verantwortlich.<\/p>\t\t\t\t\t\t\t\t<\/div>\n\t\t\t\t<\/div>\n\t\t\t\t<div class=\"elementor-element elementor-element-808669c elementor-widget elementor-widget-spacer\" data-id=\"808669c\" data-element_type=\"widget\" data-e-type=\"widget\" data-widget_type=\"spacer.default\">\n\t\t\t\t<div class=\"elementor-widget-container\">\n\t\t\t\t\t\t\t<div class=\"elementor-spacer\">\n\t\t\t<div class=\"elementor-spacer-inner\"><\/div>\n\t\t<\/div>\n\t\t\t\t\t\t<\/div>\n\t\t\t\t<\/div>\n\t\t\t\t\t<\/div>\n\t\t<\/div>\n\t\t\t\t\t<\/div>\n\t\t<\/section>\n\t\t\t\t<\/div>","protected":false},"excerpt":{"rendered":"<p>Impressum TOMASIC Engineering GmbHAm Bahndamm 2389168 NiederstotzingenFestnetz: +49 (0) 7325\/967966-0Mail:\u00a0info@tomasic.de Rechtsform:\u00a0GmbHVertreten durch Gesch\u00e4ftsf\u00fchrer:\u00a0Zarko Tomasic, Dipl.-Ing.USt-IdNr.:DE352518167 Registergericht: Amtsgericht Ulm, HRB 747150 Allgemeine Nutzungsbedingungen 1. Haftungsausschluss Obwohl die Seiten mit gr\u00f6\u00dfter Sorgfalt erstellt wurden, kann keine Gew\u00e4hr f\u00fcr die Richtigkeit, Vollst\u00e4ndigkeit und Aktualit\u00e4t der bereitgestellten Informationen \u00fcbernommen werden. Der Betreiber der Website bem\u00fcht sich darum, Fehler oder [&hellip;]<\/p>\n","protected":false},"author":1,"featured_media":0,"parent":0,"menu_order":0,"comment_status":"closed","ping_status":"closed","template":"elementor_header_footer","meta":{"footnotes":""},"class_list":["post-226","page","type-page","status-publish","hentry"],"_links":{"self":[{"href":"https:\/\/tomasic.de\/en\/wp-json\/wp\/v2\/pages\/226","targetHints":{"allow":["GET"]}}],"collection":[{"href":"https:\/\/tomasic.de\/en\/wp-json\/wp\/v2\/pages"}],"about":[{"href":"https:\/\/tomasic.de\/en\/wp-json\/wp\/v2\/types\/page"}],"author":[{"embeddable":true,"href":"https:\/\/tomasic.de\/en\/wp-json\/wp\/v2\/users\/1"}],"replies":[{"embeddable":true,"href":"https:\/\/tomasic.de\/en\/wp-json\/wp\/v2\/comments?post=226"}],"version-history":[{"count":8,"href":"https:\/\/tomasic.de\/en\/wp-json\/wp\/v2\/pages\/226\/revisions"}],"predecessor-version":[{"id":1200,"href":"https:\/\/tomasic.de\/en\/wp-json\/wp\/v2\/pages\/226\/revisions\/1200"}],"wp:attachment":[{"href":"https:\/\/tomasic.de\/en\/wp-json\/wp\/v2\/media?parent=226"}],"curies":[{"name":"wp","href":"https:\/\/api.w.org\/{rel}","templated":true}]}}